{"id":13,"date":"2021-05-05T13:24:28","date_gmt":"2021-05-05T13:24:28","guid":{"rendered":"https:\/\/kinnaskoski.fi\/?page_id=13"},"modified":"2025-04-28T07:57:15","modified_gmt":"2025-04-28T07:57:15","slug":"etusivu","status":"publish","type":"page","link":"https:\/\/kinnaskoski.fi\/en\/","title":{"rendered":"Homepage"},"content":{"rendered":"<p>[et_pb_section fb_built=&#8221;1&#8243; custom_padding_last_edited=&#8221;on|phone&#8221; module_class=&#8221;flexed&#8221; _builder_version=&#8221;4.11.4&#8243; _module_preset=&#8221;default&#8221; use_background_color_gradient=&#8221;on&#8221; background_color_gradient_start=&#8221;rgba(0,0,0,0.3)&#8221; background_color_gradient_end=&#8221;rgba(0,0,0,0.3)&#8221; background_color_gradient_overlays_image=&#8221;on&#8221; background_image=&#8221;https:\/\/kinnaskoski.fi\/wp-content\/uploads\/2021\/09\/Ympa\u0308risto\u0308vastuu-min-scaled-e1632516992285.jpg&#8221; background_position=&#8221;center_right&#8221; min_height=&#8221;548px&#8221; min_height_tablet=&#8221;&#8221; min_height_phone=&#8221;566px&#8221; min_height_last_edited=&#8221;on|phone&#8221; custom_padding_tablet=&#8221;&#8221; custom_padding_phone=&#8221;0px||0px||true|false&#8221; background_last_edited=&#8221;on|phone&#8221; background_size_phone=&#8221;cover&#8221; background_position_phone=&#8221;center&#8221; global_colors_info=&#8221;{}&#8221;][et_pb_row _builder_version=&#8221;4.9.4&#8243; _module_preset=&#8221;default&#8221; global_colors_info=&#8221;{}&#8221;][et_pb_column type=&#8221;4_4&#8243; _builder_version=&#8221;4.9.4&#8243; _module_preset=&#8221;default&#8221; global_colors_info=&#8221;{}&#8221;][et_pb_text _builder_version=&#8221;4.9.4&#8243; _module_preset=&#8221;default&#8221; header_font=&#8221;|700|||||||&#8221; header_text_align=&#8221;center&#8221; header_text_color=&#8221;#FFFFFF&#8221; header_font_size=&#8221;65px&#8221; header_font_size_tablet=&#8221;&#8221; header_font_size_phone=&#8221;39px&#8221; header_font_size_last_edited=&#8221;on|phone&#8221; global_colors_info=&#8221;{}&#8221;]<\/p>\n<h1>Inner strength<br \/>Outer beauty of nature<\/h1>\n<p>[\/et_pb_text][et_pb_button button_url=&#8221;https:\/\/kinnaskoski.fi\/index.php\/yhteystiedot\/&#8221; button_text=&#8221;Ota yhteytt\u00e4&#8221; button_alignment=&#8221;center&#8221; _builder_version=&#8221;4.9.4&#8243; _module_preset=&#8221;default&#8221; custom_button=&#8221;on&#8221; button_text_size=&#8221;16px&#8221; button_text_color=&#8221;#FFFFFF&#8221; button_bg_color=&#8221;#024a94&#8243; button_border_width=&#8221;0px&#8221; button_border_radius=&#8221;0px&#8221; button_letter_spacing=&#8221;3px&#8221; button_font=&#8221;|700||on|||||&#8221; button_use_icon=&#8221;off&#8221; custom_padding=&#8221;10px|25px|10px|25px|true|true&#8221; global_colors_info=&#8221;{}&#8221;][\/et_pb_button][\/et_pb_column][\/et_pb_row][\/et_pb_section][et_pb_section fb_built=&#8221;1&#8243; _builder_version=&#8221;4.9.4&#8243; _module_preset=&#8221;default&#8221; global_colors_info=&#8221;{}&#8221;][et_pb_row column_structure=&#8221;1_2,1_2&#8243; _builder_version=&#8221;4.9.4&#8243; _module_preset=&#8221;default&#8221; global_colors_info=&#8221;{}&#8221;][et_pb_column type=&#8221;1_2&#8243; _builder_version=&#8221;4.9.4&#8243; _module_preset=&#8221;default&#8221; global_colors_info=&#8221;{}&#8221;][et_pb_blurb title=&#8221;Tuotteet&#8221; image=&#8221;https:\/\/kinnaskoski.fi\/wp-content\/uploads\/2021\/09\/Tuotteet-scaled.jpg&#8221; content_max_width=&#8221;476px&#8221; _builder_version=&#8221;4.9.4&#8243; _module_preset=&#8221;default&#8221; header_level=&#8221;h3&#8243; header_font=&#8221;|700||on|||||&#8221; header_text_align=&#8221;center&#8221; header_text_color=&#8221;#024a94&#8243; header_font_size=&#8221;25px&#8221; header_letter_spacing=&#8221;3px&#8221; text_orientation=&#8221;center&#8221; custom_margin_tablet=&#8221;&#8221; custom_margin_phone=&#8221;||-78px||false|false&#8221; custom_margin_last_edited=&#8221;on|phone&#8221; custom_padding_tablet=&#8221;&#8221; custom_padding_phone=&#8221;||0px||false|false&#8221; custom_padding_last_edited=&#8221;on|phone&#8221; global_colors_info=&#8221;{}&#8221;]<\/p>\n<p>Our sawn goods are produced from strong Finnish whitewood. Our modern production chain and professional personnel ensure that logs are refined into high-quality end products for various purposes.<\/p>\n<p>[\/et_pb_blurb][et_pb_button button_url=&#8221;https:\/\/kinnaskoski.fi\/index.php\/tuotteet\/&#8221; button_text=&#8221;n\u00e4yt\u00e4 kaikki&#8221; button_alignment=&#8221;center&#8221; _builder_version=&#8221;4.9.4&#8243; _module_preset=&#8221;default&#8221; custom_button=&#8221;on&#8221; button_text_size=&#8221;16px&#8221; button_text_color=&#8221;#FFFFFF&#8221; button_bg_color=&#8221;#024a94&#8243; button_border_width=&#8221;0px&#8221; button_border_radius=&#8221;0px&#8221; button_letter_spacing=&#8221;3px&#8221; button_font=&#8221;|700||on|||||&#8221; button_use_icon=&#8221;off&#8221; custom_margin_tablet=&#8221;&#8221; custom_margin_phone=&#8221;108px||||false|false&#8221; custom_margin_last_edited=&#8221;on|phone&#8221; custom_padding=&#8221;10px|25px|10px|25px|true|true&#8221; global_colors_info=&#8221;{}&#8221;][\/et_pb_button][\/et_pb_column][et_pb_column type=&#8221;1_2&#8243; _builder_version=&#8221;4.9.4&#8243; _module_preset=&#8221;default&#8221; global_colors_info=&#8221;{}&#8221;][et_pb_blurb title=&#8221;METS\u00c4NOMISTAJILLE&#8221; image=&#8221;https:\/\/kinnaskoski.fi\/wp-content\/uploads\/2021\/09\/2Metsa\u0308nomistajalle-min-scaled-e1632516737932.jpg&#8221; content_max_width=&#8221;484px&#8221; image_tablet=&#8221;&#8221; image_phone=&#8221;https:\/\/kinnaskoski.fi\/wp-content\/uploads\/2021\/09\/2Metsa\u0308nomistajalle-min-scaled-e1632516737932.jpg&#8221; image_last_edited=&#8221;on|phone&#8221; _builder_version=&#8221;4.9.4&#8243; _module_preset=&#8221;default&#8221; header_level=&#8221;h3&#8243; header_font=&#8221;|700||on|||||&#8221; header_text_align=&#8221;center&#8221; header_text_color=&#8221;#024a94&#8243; header_font_size=&#8221;25px&#8221; header_letter_spacing=&#8221;3px&#8221; text_orientation=&#8221;center&#8221; custom_margin_tablet=&#8221;&#8221; custom_margin_phone=&#8221;35px||||false|false&#8221; custom_margin_last_edited=&#8221;on|phone&#8221; global_colors_info=&#8221;{}&#8221;]<\/p>\n<p>Are you looking for a flexible and completely Finnish-owned local partner for timber trade? Customer-orientation is the foundation for all operations at our sawmill.<\/p>\n<p>[\/et_pb_blurb][et_pb_button button_url=&#8221;https:\/\/kinnaskoski.fi\/index.php\/puunhankinta\/&#8221; button_text=&#8221;n\u00e4yt\u00e4 kaikki&#8221; button_alignment=&#8221;center&#8221; _builder_version=&#8221;4.9.4&#8243; _module_preset=&#8221;default&#8221; custom_button=&#8221;on&#8221; button_text_size=&#8221;16px&#8221; button_text_color=&#8221;#FFFFFF&#8221; button_bg_color=&#8221;#024a94&#8243; button_border_width=&#8221;0px&#8221; button_border_radius=&#8221;0px&#8221; button_letter_spacing=&#8221;3px&#8221; button_font=&#8221;|700||on|||||&#8221; button_use_icon=&#8221;off&#8221; custom_padding=&#8221;10px|25px|10px|25px|true|true&#8221; global_colors_info=&#8221;{}&#8221;][\/et_pb_button][\/et_pb_column][\/et_pb_row][et_pb_row _builder_version=&#8221;4.11.4&#8243; _module_preset=&#8221;default&#8221; width=&#8221;100%&#8221; hover_enabled=&#8221;0&#8243; global_colors_info=&#8221;{}&#8221; sticky_enabled=&#8221;0&#8243;][et_pb_column type=&#8221;4_4&#8243; _builder_version=&#8221;4.11.4&#8243; _module_preset=&#8221;default&#8221; global_colors_info=&#8221;{}&#8221;][et_pb_code _builder_version=&#8221;4.11.4&#8243; _module_preset=&#8221;default&#8221; width=&#8221;99.9%&#8221; hover_enabled=&#8221;0&#8243; global_colors_info=&#8221;{}&#8221; sticky_enabled=&#8221;0&#8243; custom_css_before_last_edited=&#8221;off|desktop&#8221; module_class=&#8221;hide-on-english&#8221;]<ld-slot name=\"etusivun inpage\" ><\/ld-slot>[\/et_pb_code][\/et_pb_column][\/et_pb_row][\/et_pb_section][et_pb_section fb_built=&#8221;1&#8243; _builder_version=&#8221;4.9.4&#8243; _module_preset=&#8221;default&#8221; use_background_color_gradient=&#8221;on&#8221; background_color_gradient_start=&#8221;rgba(0,0,0,0.3)&#8221; background_color_gradient_end=&#8221;rgba(0,0,0,0.3)&#8221; background_color_gradient_overlays_image=&#8221;on&#8221; background_image=&#8221;https:\/\/kinnaskoski.fi\/wp-content\/uploads\/2021\/05\/piqsels.com-id-oessa-scaled.jpg&#8221; global_colors_info=&#8221;{}&#8221;][et_pb_row _builder_version=&#8221;4.9.4&#8243; _module_preset=&#8221;default&#8221; width=&#8221;50%&#8221; width_tablet=&#8221;&#8221; width_phone=&#8221;100%&#8221; width_last_edited=&#8221;on|phone&#8221; global_colors_info=&#8221;{}&#8221;][et_pb_column type=&#8221;4_4&#8243; _builder_version=&#8221;4.9.4&#8243; _module_preset=&#8221;default&#8221; global_colors_info=&#8221;{}&#8221;][et_pb_text _builder_version=&#8221;4.9.4&#8243; _module_preset=&#8221;default&#8221; text_text_color=&#8221;#FFFFFF&#8221; text_font_size=&#8221;22px&#8221; header_2_font=&#8221;|700|||||||&#8221; header_2_text_align=&#8221;center&#8221; header_2_text_color=&#8221;#FFFFFF&#8221; header_2_font_size=&#8221;50px&#8221; text_font_size_tablet=&#8221;&#8221; text_font_size_phone=&#8221;18px&#8221; text_font_size_last_edited=&#8221;on|phone&#8221; header_2_font_size_tablet=&#8221;&#8221; header_2_font_size_phone=&#8221;37px&#8221; header_2_font_size_last_edited=&#8221;on|phone&#8221; global_colors_info=&#8221;{}&#8221;]<\/p>\n<h2>Environment<\/h2>\n<p>&nbsp;<\/p>\n<p style=\"text-align: center;\">Finland is the land of forests. We take responsibility for the well-being of the Finnish forest nature and for upholding natural values.<\/p>\n<p>[\/et_pb_text][et_pb_button button_url=&#8221;https:\/\/kinnaskoski.fi\/index.php\/ymparistovastuu\/&#8221; button_text=&#8221;lue lis\u00e4\u00e4&#8221; button_alignment=&#8221;center&#8221; _builder_version=&#8221;4.9.4&#8243; _module_preset=&#8221;default&#8221; custom_button=&#8221;on&#8221; button_text_size=&#8221;16px&#8221; button_text_color=&#8221;#FFFFFF&#8221; button_bg_color=&#8221;#024a94&#8243; button_border_width=&#8221;0px&#8221; button_border_radius=&#8221;0px&#8221; button_letter_spacing=&#8221;3px&#8221; button_font=&#8221;|700||on|||||&#8221; button_use_icon=&#8221;off&#8221; custom_margin=&#8221;26px|||||&#8221; custom_padding=&#8221;10px|25px|10px|25px|true|true&#8221; global_colors_info=&#8221;{}&#8221;][\/et_pb_button][\/et_pb_column][\/et_pb_row][\/et_pb_section][et_pb_section fb_built=&#8221;1&#8243; _builder_version=&#8221;4.9.4&#8243; _module_preset=&#8221;default&#8221; custom_padding=&#8221;0px||0px|||&#8221; global_colors_info=&#8221;{}&#8221;][et_pb_row column_structure=&#8221;1_2,1_2&#8243; disabled_on=&#8221;on|on|off&#8221; module_class=&#8221;flexed&#8221; _builder_version=&#8221;4.9.4&#8243; _module_preset=&#8221;default&#8221; width=&#8221;100%&#8221; max_width=&#8221;2560px&#8221; custom_margin=&#8221;80px|auto||auto|false|false&#8221; custom_padding=&#8221;0px||0px|||&#8221; global_colors_info=&#8221;{}&#8221;][et_pb_column type=&#8221;1_2&#8243; _builder_version=&#8221;4.9.4&#8243; _module_preset=&#8221;default&#8221; custom_padding=&#8221;|150px||150px|false|true&#8221; global_colors_info=&#8221;{}&#8221;][et_pb_text _builder_version=&#8221;4.9.4&#8243; _module_preset=&#8221;default&#8221; header_2_font_size=&#8221;50px&#8221; global_colors_info=&#8221;{}&#8221;]<\/p>\n<h2>Company<\/h2>\n<p>[\/et_pb_text][et_pb_text _builder_version=&#8221;4.9.4&#8243; _module_preset=&#8221;default&#8221; width_tablet=&#8221;&#8221; width_phone=&#8221;100%&#8221; width_last_edited=&#8221;on|phone&#8221; max_width=&#8221;100%&#8221; max_width_tablet=&#8221;&#8221; max_width_phone=&#8221;100%&#8221; max_width_last_edited=&#8221;on|phone&#8221; global_colors_info=&#8221;{}&#8221;]<\/p>\n<p><strong>Kinnaskoski Oy is a family-owned company in Vilppula, established in 1971. Our aim in production and other operational activities is to ensure that we produce top-quality sawn products and that deliveries are always made on time.<\/strong><\/p>\n<p>It all started with a field sawmill, which expanded into a modern production facility in the course of decades. One thing has not changed during the years: our love for Finnish wood.<br \/>Our annual production is 60 000 m\u00b3 sawn whitewood of which 90 % is exported. Our company employs 28 people.<\/p>\n<p>[\/et_pb_text][et_pb_button button_url=&#8221;https:\/\/kinnaskoski.fi\/index.php\/yritys\/&#8221; button_text=&#8221;Lue lis\u00e4\u00e4&#8221; button_alignment=&#8221;left&#8221; _builder_version=&#8221;4.9.4&#8243; _module_preset=&#8221;default&#8221; custom_button=&#8221;on&#8221; button_text_size=&#8221;16px&#8221; button_text_color=&#8221;#FFFFFF&#8221; button_bg_color=&#8221;#024a94&#8243; button_border_width=&#8221;0px&#8221; button_border_radius=&#8221;0px&#8221; button_letter_spacing=&#8221;3px&#8221; button_font=&#8221;|700||on|||||&#8221; button_use_icon=&#8221;off&#8221; custom_margin=&#8221;32px|||||&#8221; custom_padding=&#8221;10px|25px|10px|25px|true|true&#8221; global_colors_info=&#8221;{}&#8221;][\/et_pb_button][\/et_pb_column][et_pb_column type=&#8221;1_2&#8243; _builder_version=&#8221;4.9.4&#8243; _module_preset=&#8221;default&#8221; global_colors_info=&#8221;{}&#8221;][et_pb_image src=&#8221;https:\/\/kinnaskoski.fi\/wp-content\/uploads\/2021\/09\/Yritys-min-scaled.jpg&#8221; title_text=&#8221;Yritys-min&#8221; force_fullwidth=&#8221;on&#8221; _builder_version=&#8221;4.9.4&#8243; _module_preset=&#8221;default&#8221; height=&#8221;652px&#8221; global_colors_info=&#8221;{}&#8221;][\/et_pb_image][\/et_pb_column][\/et_pb_row][et_pb_row _builder_version=&#8221;4.11.4&#8243; _module_preset=&#8221;default&#8221; min_height=&#8221;79.9px&#8221; custom_padding=&#8221;||0px|||&#8221; global_colors_info=&#8221;{}&#8221;][et_pb_column type=&#8221;4_4&#8243; _builder_version=&#8221;4.11.4&#8243; _module_preset=&#8221;default&#8221; global_colors_info=&#8221;{}&#8221;][\/et_pb_column][\/et_pb_row][et_pb_row disabled_on=&#8221;off|off|on&#8221; module_class=&#8221;flexed&#8221; _builder_version=&#8221;4.9.4&#8243; _module_preset=&#8221;default&#8221; width=&#8221;100%&#8221; max_width=&#8221;2560px&#8221; custom_padding=&#8221;0px||0px|||&#8221; global_colors_info=&#8221;{}&#8221;][et_pb_column type=&#8221;4_4&#8243; _builder_version=&#8221;4.9.4&#8243; _module_preset=&#8221;default&#8221; global_colors_info=&#8221;{}&#8221;][et_pb_image src=&#8221;https:\/\/kinnaskoski.fi\/wp-content\/uploads\/2021\/09\/Yritys-min-scaled.jpg&#8221; title_text=&#8221;Yritys-min&#8221; force_fullwidth=&#8221;on&#8221; _builder_version=&#8221;4.9.4&#8243; _module_preset=&#8221;default&#8221; height=&#8221;652px&#8221; height_tablet=&#8221;&#8221; height_phone=&#8221;&#8221; height_last_edited=&#8221;on|phone&#8221; custom_margin_tablet=&#8221;&#8221; custom_margin_phone=&#8221;||45px||false|false&#8221; custom_margin_last_edited=&#8221;on|phone&#8221; global_colors_info=&#8221;{}&#8221;][\/et_pb_image][\/et_pb_column][\/et_pb_row][et_pb_row disabled_on=&#8221;off|off|on&#8221; module_class=&#8221;flexed&#8221; _builder_version=&#8221;4.9.4&#8243; _module_preset=&#8221;default&#8221; width=&#8221;100%&#8221; max_width=&#8221;2560px&#8221; custom_padding=&#8221;0px||0px|||&#8221; global_colors_info=&#8221;{}&#8221;][et_pb_column type=&#8221;4_4&#8243; _builder_version=&#8221;4.9.4&#8243; _module_preset=&#8221;default&#8221; custom_padding=&#8221;|150px||150px|false|true&#8221; custom_padding_tablet=&#8221;&#8221; custom_padding_phone=&#8221;|38px||38px|false|true&#8221; custom_padding_last_edited=&#8221;on|phone&#8221; global_colors_info=&#8221;{}&#8221;][et_pb_button button_url=&#8221;https:\/\/kinnaskoski.fi\/index.php\/yritys\/&#8221; button_text=&#8221;Lue lis\u00e4\u00e4&#8221; button_alignment=&#8221;left&#8221; _builder_version=&#8221;4.9.4&#8243; _module_preset=&#8221;default&#8221; custom_button=&#8221;on&#8221; button_text_size=&#8221;16px&#8221; button_text_color=&#8221;#FFFFFF&#8221; button_bg_color=&#8221;#024a94&#8243; button_border_width=&#8221;0px&#8221; button_border_radius=&#8221;0px&#8221; button_letter_spacing=&#8221;3px&#8221; button_font=&#8221;|700||on|||||&#8221; button_use_icon=&#8221;off&#8221; custom_margin=&#8221;32px|||||&#8221; custom_padding=&#8221;10px|25px|10px|25px|true|true&#8221; global_colors_info=&#8221;{}&#8221;][\/et_pb_button][\/et_pb_column][\/et_pb_row][\/et_pb_section][et_pb_section fb_built=&#8221;1&#8243; _builder_version=&#8221;4.9.4&#8243; _module_preset=&#8221;default&#8221; custom_padding=&#8221;0px||0px|||&#8221; global_colors_info=&#8221;{}&#8221;][et_pb_row column_structure=&#8221;1_3,2_3&#8243; disabled_on=&#8221;on|on|off&#8221; module_class=&#8221;flexed&#8221; _builder_version=&#8221;4.9.4&#8243; _module_preset=&#8221;default&#8221; width=&#8221;100%&#8221; max_width=&#8221;2560px&#8221; custom_padding=&#8221;0px||0px|||&#8221; global_colors_info=&#8221;{}&#8221;][et_pb_column type=&#8221;1_3&#8243; _builder_version=&#8221;4.9.4&#8243; _module_preset=&#8221;default&#8221; custom_padding=&#8221;|||150px|false|false&#8221; global_colors_info=&#8221;{}&#8221;][et_pb_text _builder_version=&#8221;4.11.4&#8243; _module_preset=&#8221;default&#8221; header_2_font_size=&#8221;50px&#8221; global_colors_info=&#8221;{}&#8221;]<\/p>\n<h2>Contact information<\/h2>\n<p>&nbsp;<\/p>\n<p>Kinnaskoski Oy<br \/>Riihikankaantie 334<br \/>35700 Vilppula<br \/>+358 3 476 1600<br \/>office@kinnaskoski.fi<\/p>\n<p>[\/et_pb_text][\/et_pb_column][et_pb_column type=&#8221;2_3&#8243; _builder_version=&#8221;4.9.4&#8243; _module_preset=&#8221;default&#8221; global_colors_info=&#8221;{}&#8221;][et_pb_code _builder_version=&#8221;4.9.4&#8243; _module_preset=&#8221;default&#8221; global_colors_info=&#8221;{}&#8221;]<iframe loading=\"lazy\" src=\"https:\/\/snazzymaps.com\/embed\/312902\" width=\"100%\" height=\"500px\" style=\"border:none;\"><\/iframe>[\/et_pb_code][\/et_pb_column][\/et_pb_row][et_pb_row disabled_on=&#8221;off|off|on&#8221; module_class=&#8221;flexed&#8221; _builder_version=&#8221;4.9.4&#8243; _module_preset=&#8221;default&#8221; width=&#8221;100%&#8221; max_width=&#8221;2560px&#8221; custom_padding=&#8221;0px||0px|||&#8221; global_colors_info=&#8221;{}&#8221;][et_pb_column type=&#8221;4_4&#8243; _builder_version=&#8221;4.9.4&#8243; _module_preset=&#8221;default&#8221; custom_padding=&#8221;|||150px|false|false&#8221; custom_padding_tablet=&#8221;&#8221; custom_padding_phone=&#8221;|40px|56px|40px|false|true&#8221; custom_padding_last_edited=&#8221;on|phone&#8221; global_colors_info=&#8221;{}&#8221;][et_pb_text _builder_version=&#8221;4.11.4&#8243; _module_preset=&#8221;default&#8221; header_2_font_size=&#8221;50px&#8221; header_2_font_size_tablet=&#8221;&#8221; header_2_font_size_phone=&#8221;38px&#8221; header_2_font_size_last_edited=&#8221;on|phone&#8221; global_colors_info=&#8221;{}&#8221;]<\/p>\n<h2>Contact information<\/h2>\n<p>&nbsp;<\/p>\n<p>Kinnaskoski Oy<br \/>Riihikankaantie 334<br \/>35700 Vilppula<br \/>+358 3 476 1600<br \/>office@kinnaskoski.fi<\/p>\n<p>[\/et_pb_text][\/et_pb_column][\/et_pb_row][et_pb_row disabled_on=&#8221;off|off|on&#8221; module_class=&#8221;flexed&#8221; _builder_version=&#8221;4.9.4&#8243; _module_preset=&#8221;default&#8221; width=&#8221;100%&#8221; max_width=&#8221;2560px&#8221; custom_padding=&#8221;0px||0px|||&#8221; global_colors_info=&#8221;{}&#8221;][et_pb_column type=&#8221;4_4&#8243; _builder_version=&#8221;4.9.4&#8243; _module_preset=&#8221;default&#8221; global_colors_info=&#8221;{}&#8221;][et_pb_code _builder_version=&#8221;4.9.4&#8243; _module_preset=&#8221;default&#8221; global_colors_info=&#8221;{}&#8221;]<iframe loading=\"lazy\" src=\"https:\/\/snazzymaps.com\/embed\/312902\" width=\"100%\" height=\"500px\" style=\"border:none;\"><\/iframe>[\/et_pb_code][\/et_pb_column][\/et_pb_row][\/et_pb_section]<\/p>","protected":false},"excerpt":{"rendered":"<p>Sis\u00e4inen vahvuusLuonnon ulkoinen kauneusSahatavaramme syntyy lujiksi kasvaneista kuusipuista. Tukista jalostuu laadukas lopputuote erilaisiin k\u00e4ytt\u00f6kohteisiin modernin tuotantoketjumme ja osaavan henkil\u00f6st\u00f6mme ansiosta.Kaipaatko puukauppaan joustavaa ja t\u00e4ysin kotimaisessa omistuksessa olevaa paikallista kumppania? Asiakasl\u00e4ht\u00f6isyys on sahamme toiminnan l\u00e4ht\u00f6kohta. Palvelemme mielell\u00e4mme my\u00f6s et\u00e4mets\u00e4nomistajia.Ymp\u00e4rist\u00f6vastuu &nbsp; Suomi on metsien maa. Kannamme vastuuta kotimaisen mets\u00e4luonnon hyvinvoinnista ja luontoarvojen s\u00e4ilymisest\u00e4.YritysKinnaskoski Oy on vuonna 1971 [&hellip;]<\/p>","protected":false},"author":2,"featured_media":0,"parent":0,"menu_order":0,"comment_status":"closed","ping_status":"closed","template":"","meta":{"_et_pb_use_builder":"on","_et_pb_old_content":"<!-- wp:divi\/placeholder \/-->","_et_gb_content_width":"","footnotes":""},"class_list":["post-13","page","type-page","status-publish","hentry"],"yoast_head":"<!-- This site is optimized with the Yoast SEO plugin v17.7.1 - https:\/\/yoast.com\/wordpress\/plugins\/seo\/ -->\n<title>Etusivu - Kinnaskoski<\/title>\n<meta name=\"robots\" content=\"index, follow, max-snippet:-1, max-image-preview:large, max-video-preview:-1\" \/>\n<link rel=\"canonical\" href=\"https:\/\/kinnaskoski.fi\/en\/\" \/>\n<meta property=\"og:locale\" content=\"en_GB\" \/>\n<meta property=\"og:type\" content=\"article\" \/>\n<meta property=\"og:title\" content=\"Etusivu - Kinnaskoski\" \/>\n<meta property=\"og:description\" content=\"Sis\u00e4inen vahvuusLuonnon ulkoinen kauneusSahatavaramme syntyy lujiksi kasvaneista kuusipuista. Tukista jalostuu laadukas lopputuote erilaisiin k\u00e4ytt\u00f6kohteisiin modernin tuotantoketjumme ja osaavan henkil\u00f6st\u00f6mme ansiosta.Kaipaatko puukauppaan joustavaa ja t\u00e4ysin kotimaisessa omistuksessa olevaa paikallista kumppania? Asiakasl\u00e4ht\u00f6isyys on sahamme toiminnan l\u00e4ht\u00f6kohta. Palvelemme mielell\u00e4mme my\u00f6s et\u00e4mets\u00e4nomistajia.Ymp\u00e4rist\u00f6vastuu &nbsp; Suomi on metsien maa. Kannamme vastuuta kotimaisen mets\u00e4luonnon hyvinvoinnista ja luontoarvojen s\u00e4ilymisest\u00e4.YritysKinnaskoski Oy on vuonna 1971 [&hellip;]\" \/>\n<meta property=\"og:url\" content=\"https:\/\/kinnaskoski.fi\/en\/\" \/>\n<meta property=\"og:site_name\" content=\"Kinnaskoski\" \/>\n<meta property=\"article:modified_time\" content=\"2025-04-28T07:57:15+00:00\" \/>\n<meta name=\"twitter:card\" content=\"summary_large_image\" \/>\n<meta name=\"twitter:label1\" content=\"Estimated reading time\" \/>\n\t<meta name=\"twitter:data1\" content=\"9 minutes\" \/>\n<script type=\"application\/ld+json\" class=\"yoast-schema-graph\">{\"@context\":\"https:\/\/schema.org\",\"@graph\":[{\"@type\":\"WebSite\",\"@id\":\"https:\/\/kinnaskoski.fi\/#website\",\"url\":\"https:\/\/kinnaskoski.fi\/\",\"name\":\"Kinnaskoski\",\"description\":\"Sis\\u00e4inen vahvuus Luonnon ulkoinen kauneus\",\"potentialAction\":[{\"@type\":\"SearchAction\",\"target\":{\"@type\":\"EntryPoint\",\"urlTemplate\":\"https:\/\/kinnaskoski.fi\/?s={search_term_string}\"},\"query-input\":\"required name=search_term_string\"}],\"inLanguage\":\"en-GB\"},{\"@type\":\"WebPage\",\"@id\":\"https:\/\/kinnaskoski.fi\/#webpage\",\"url\":\"https:\/\/kinnaskoski.fi\/\",\"name\":\"Etusivu - Kinnaskoski\",\"isPartOf\":{\"@id\":\"https:\/\/kinnaskoski.fi\/#website\"},\"datePublished\":\"2021-05-05T13:24:28+00:00\",\"dateModified\":\"2025-04-28T07:57:15+00:00\",\"breadcrumb\":{\"@id\":\"https:\/\/kinnaskoski.fi\/#breadcrumb\"},\"inLanguage\":\"en-GB\",\"potentialAction\":[{\"@type\":\"ReadAction\",\"target\":[\"https:\/\/kinnaskoski.fi\/\"]}]},{\"@type\":\"BreadcrumbList\",\"@id\":\"https:\/\/kinnaskoski.fi\/#breadcrumb\",\"itemListElement\":[{\"@type\":\"ListItem\",\"position\":1,\"name\":\"Home\",\"item\":\"https:\/\/kinnaskoski.fi\/\"},{\"@type\":\"ListItem\",\"position\":2,\"name\":\"Etusivu\"}]}]}<\/script>\n<!-- \/ Yoast SEO plugin. -->","yoast_head_json":{"title":"Etusivu - Kinnaskoski","robots":{"index":"index","follow":"follow","max-snippet":"max-snippet:-1","max-image-preview":"max-image-preview:large","max-video-preview":"max-video-preview:-1"},"canonical":"https:\/\/kinnaskoski.fi\/en\/","og_locale":"en_GB","og_type":"article","og_title":"Etusivu - Kinnaskoski","og_description":"Sis\u00e4inen vahvuusLuonnon ulkoinen kauneusSahatavaramme syntyy lujiksi kasvaneista kuusipuista. Tukista jalostuu laadukas lopputuote erilaisiin k\u00e4ytt\u00f6kohteisiin modernin tuotantoketjumme ja osaavan henkil\u00f6st\u00f6mme ansiosta.Kaipaatko puukauppaan joustavaa ja t\u00e4ysin kotimaisessa omistuksessa olevaa paikallista kumppania? Asiakasl\u00e4ht\u00f6isyys on sahamme toiminnan l\u00e4ht\u00f6kohta. Palvelemme mielell\u00e4mme my\u00f6s et\u00e4mets\u00e4nomistajia.Ymp\u00e4rist\u00f6vastuu &nbsp; Suomi on metsien maa. Kannamme vastuuta kotimaisen mets\u00e4luonnon hyvinvoinnista ja luontoarvojen s\u00e4ilymisest\u00e4.YritysKinnaskoski Oy on vuonna 1971 [&hellip;]","og_url":"https:\/\/kinnaskoski.fi\/en\/","og_site_name":"Kinnaskoski","article_modified_time":"2025-04-28T07:57:15+00:00","twitter_card":"summary_large_image","twitter_misc":{"Estimated reading time":"9 minutes"},"schema":{"@context":"https:\/\/schema.org","@graph":[{"@type":"WebSite","@id":"https:\/\/kinnaskoski.fi\/#website","url":"https:\/\/kinnaskoski.fi\/","name":"Kinnaskoski","description":"Sis\u00e4inen vahvuus Luonnon ulkoinen kauneus","potentialAction":[{"@type":"SearchAction","target":{"@type":"EntryPoint","urlTemplate":"https:\/\/kinnaskoski.fi\/?s={search_term_string}"},"query-input":"required name=search_term_string"}],"inLanguage":"en-GB"},{"@type":"WebPage","@id":"https:\/\/kinnaskoski.fi\/#webpage","url":"https:\/\/kinnaskoski.fi\/","name":"Etusivu - Kinnaskoski","isPartOf":{"@id":"https:\/\/kinnaskoski.fi\/#website"},"datePublished":"2021-05-05T13:24:28+00:00","dateModified":"2025-04-28T07:57:15+00:00","breadcrumb":{"@id":"https:\/\/kinnaskoski.fi\/#breadcrumb"},"inLanguage":"en-GB","potentialAction":[{"@type":"ReadAction","target":["https:\/\/kinnaskoski.fi\/"]}]},{"@type":"BreadcrumbList","@id":"https:\/\/kinnaskoski.fi\/#breadcrumb","itemListElement":[{"@type":"ListItem","position":1,"name":"Home","item":"https:\/\/kinnaskoski.fi\/"},{"@type":"ListItem","position":2,"name":"Etusivu"}]}]}},"_links":{"self":[{"href":"https:\/\/kinnaskoski.fi\/en\/wp-json\/wp\/v2\/pages\/13"}],"collection":[{"href":"https:\/\/kinnaskoski.fi\/en\/wp-json\/wp\/v2\/pages"}],"about":[{"href":"https:\/\/kinnaskoski.fi\/en\/wp-json\/wp\/v2\/types\/page"}],"author":[{"embeddable":true,"href":"https:\/\/kinnaskoski.fi\/en\/wp-json\/wp\/v2\/users\/2"}],"replies":[{"embeddable":true,"href":"https:\/\/kinnaskoski.fi\/en\/wp-json\/wp\/v2\/comments?post=13"}],"version-history":[{"count":73,"href":"https:\/\/kinnaskoski.fi\/en\/wp-json\/wp\/v2\/pages\/13\/revisions"}],"predecessor-version":[{"id":631,"href":"https:\/\/kinnaskoski.fi\/en\/wp-json\/wp\/v2\/pages\/13\/revisions\/631"}],"wp:attachment":[{"href":"https:\/\/kinnaskoski.fi\/en\/wp-json\/wp\/v2\/media?parent=13"}],"curies":[{"name":"wp","href":"https:\/\/api.w.org\/{rel}","templated":true}]}}