{"id":15,"date":"2021-05-05T13:24:45","date_gmt":"2021-05-05T13:24:45","guid":{"rendered":"https:\/\/kinnaskoski.fi\/?page_id=15"},"modified":"2025-04-28T11:03:02","modified_gmt":"2025-04-28T11:03:02","slug":"tuotteet","status":"publish","type":"page","link":"https:\/\/kinnaskoski.fi\/en\/tuotteet\/","title":{"rendered":"Products"},"content":{"rendered":"<p>[et_pb_section fb_built=&#8221;1&#8243; module_class=&#8221;flexed&#8221; _builder_version=&#8221;4.9.4&#8243; _module_preset=&#8221;default&#8221; use_background_color_gradient=&#8221;on&#8221; background_color_gradient_start=&#8221;rgba(0,0,0,0.3)&#8221; background_color_gradient_end=&#8221;rgba(0,0,0,0.3)&#8221; background_color_gradient_overlays_image=&#8221;on&#8221; background_image=&#8221;https:\/\/kinnaskoski.fi\/wp-content\/uploads\/2021\/05\/tuotteet.jpeg&#8221; min_height=&#8221;100vh&#8221; min_height_tablet=&#8221;&#8221; min_height_phone=&#8221;445px&#8221; min_height_last_edited=&#8221;on|phone&#8221; global_colors_info=&#8221;{}&#8221;][et_pb_row _builder_version=&#8221;4.9.4&#8243; _module_preset=&#8221;default&#8221; global_colors_info=&#8221;{}&#8221;][et_pb_column type=&#8221;4_4&#8243; _builder_version=&#8221;4.9.4&#8243; _module_preset=&#8221;default&#8221; global_colors_info=&#8221;{}&#8221;][et_pb_text _builder_version=&#8221;4.9.4&#8243; _module_preset=&#8221;default&#8221; header_font=&#8221;|700|||||||&#8221; header_text_align=&#8221;center&#8221; header_text_color=&#8221;#FFFFFF&#8221; header_font_size=&#8221;65px&#8221; header_font_size_tablet=&#8221;&#8221; header_font_size_phone=&#8221;40px&#8221; header_font_size_last_edited=&#8221;on|phone&#8221; global_colors_info=&#8221;{}&#8221;]<\/p>\n<h1>Products<\/h1>\n<p>[\/et_pb_text][et_pb_button button_url=&#8221;https:\/\/kinnaskoski.fi\/index.php\/yhteystiedot\/&#8221; button_text=&#8221;Ota yhteytt\u00e4&#8221; button_alignment=&#8221;center&#8221; _builder_version=&#8221;4.9.4&#8243; _module_preset=&#8221;default&#8221; custom_button=&#8221;on&#8221; button_text_size=&#8221;16px&#8221; button_text_color=&#8221;#FFFFFF&#8221; button_bg_color=&#8221;#024a94&#8243; button_border_width=&#8221;0px&#8221; button_border_radius=&#8221;0px&#8221; button_letter_spacing=&#8221;3px&#8221; button_font=&#8221;|700||on|||||&#8221; button_use_icon=&#8221;off&#8221; custom_padding=&#8221;10px|25px|10px|25px|true|true&#8221; global_colors_info=&#8221;{}&#8221;][\/et_pb_button][et_pb_code _builder_version=&#8221;4.11.4&#8243; _module_preset=&#8221;default&#8221; hover_enabled=&#8221;0&#8243; global_colors_info=&#8221;{}&#8221; module_class=&#8221;hide-on-finnish&#8221; sticky_enabled=&#8221;0&#8243;]<ld-slot name=\"product offer\" ><\/ld-slot>[\/et_pb_code][\/et_pb_column][\/et_pb_row][\/et_pb_section][et_pb_section fb_built=&#8221;1&#8243; _builder_version=&#8221;4.9.4&#8243; _module_preset=&#8221;default&#8221; custom_padding=&#8221;0px||0px|||&#8221; global_colors_info=&#8221;{}&#8221;][et_pb_row column_structure=&#8221;1_2,1_2&#8243; disabled_on=&#8221;on|on|off&#8221; module_class=&#8221;flexed&#8221; _builder_version=&#8221;4.9.4&#8243; _module_preset=&#8221;default&#8221; width=&#8221;100%&#8221; max_width=&#8221;2560px&#8221; custom_padding=&#8221;0px||0px|||&#8221; global_colors_info=&#8221;{}&#8221;][et_pb_column type=&#8221;1_2&#8243; _builder_version=&#8221;4.9.4&#8243; _module_preset=&#8221;default&#8221; custom_padding=&#8221;|150px||150px|false|true&#8221; global_colors_info=&#8221;{}&#8221;][et_pb_text _builder_version=&#8221;4.11.4&#8243; _module_preset=&#8221;default&#8221; global_colors_info=&#8221;{}&#8221;]<\/p>\n<p>Our sawn whitewood is produced from strong Finnish spruce. Our modern production chain and professional personnel ensure that logs are refined into high-quality timber for various purposes.<\/p>\n<p>We are located in the coniferous forest zone where whitewood grows slowly and is therefore perfectly suited for the production of top-quality timber. The density of whitewood makes it a strong and durable building material.<\/p>\n<p>Our quick and flexible deliveries are completely customised to meet your specific requirements. We supply sawn whitewood in any measurements within the range of 22\u201375 mm for thickness and 90\u2013250 mm for width.<\/p>\n<p>We also offer our timber in ThermoWood\u00ae<\/p>\n<p>[\/et_pb_text][et_pb_image src=&#8221;https:\/\/kinnaskoski.fi\/wp-content\/uploads\/2021\/05\/laivausmerkit.jpg&#8221; title_text=&#8221;laivausmerkit&#8221; _builder_version=&#8221;4.9.4&#8243; _module_preset=&#8221;default&#8221; custom_margin=&#8221;37px|||-13px||&#8221; global_colors_info=&#8221;{}&#8221;][\/et_pb_image][\/et_pb_column][et_pb_column type=&#8221;1_2&#8243; _builder_version=&#8221;4.9.4&#8243; _module_preset=&#8221;default&#8221; global_colors_info=&#8221;{}&#8221;][et_pb_image src=&#8221;https:\/\/kinnaskoski.fi\/wp-content\/uploads\/2021\/09\/tuotteet2-min-scaled.jpg&#8221; title_text=&#8221;tuotteet2-min&#8221; force_fullwidth=&#8221;on&#8221; _builder_version=&#8221;4.9.4&#8243; _module_preset=&#8221;default&#8221; height=&#8221;751px&#8221; global_colors_info=&#8221;{}&#8221;][\/et_pb_image][\/et_pb_column][\/et_pb_row][et_pb_row disabled_on=&#8221;off|off|on&#8221; module_class=&#8221;flexed&#8221; _builder_version=&#8221;4.9.4&#8243; _module_preset=&#8221;default&#8221; width=&#8221;100%&#8221; max_width=&#8221;2560px&#8221; custom_margin=&#8221;48px||||false|false&#8221; custom_padding=&#8221;0px||14px|||&#8221; global_colors_info=&#8221;{}&#8221;][et_pb_column type=&#8221;4_4&#8243; _builder_version=&#8221;4.9.4&#8243; _module_preset=&#8221;default&#8221; custom_padding=&#8221;|44px||44px|false|true&#8221; global_colors_info=&#8221;{}&#8221;][et_pb_image src=&#8221;https:\/\/kinnaskoski.fi\/wp-content\/uploads\/2021\/09\/tuotteet2-min-scaled.jpg&#8221; title_text=&#8221;tuotteet2-min&#8221; _builder_version=&#8221;4.9.4&#8243; _module_preset=&#8221;default&#8221; custom_margin=&#8221;40px||||false|false&#8221; global_colors_info=&#8221;{}&#8221;][\/et_pb_image][et_pb_text _builder_version=&#8221;4.9.4&#8243; _module_preset=&#8221;default&#8221; width=&#8221;100%&#8221; max_width=&#8221;100%&#8221; custom_margin_tablet=&#8221;45px||||false|false&#8221; custom_margin_phone=&#8221;&#8221; custom_margin_last_edited=&#8221;on|tablet&#8221; global_colors_info=&#8221;{}&#8221;]<\/p>\n<p>Our sawn whitewood is produced from strong Finnish spruce. Our modern production chain and professional personnel ensure that logs are refined into high-quality timber for various purposes.<\/p>\n<p>The high density of the timber makes it a strong, durable and environment friendly building material. High portion of healthy knots gives it a beautiful and natural look for many decorative purposes.<\/p>\n<p>Our quick and flexible deliveries are completely customised to meet your specific requirements. We supply sawn whitewood in any measurements within the range of 22\u201375 mm for thickness and 90\u2013250 mm for width.<\/p>\n<p>We also offer our timber in ThermoWood\u00ae<\/p>\n<p>[\/et_pb_text][et_pb_image src=&#8221;https:\/\/kinnaskoski.fi\/wp-content\/uploads\/2021\/05\/laivausmerkit.jpg&#8221; title_text=&#8221;laivausmerkit&#8221; _builder_version=&#8221;4.9.4&#8243; _module_preset=&#8221;default&#8221; custom_margin=&#8221;36px||72px|0px|false|false&#8221; global_colors_info=&#8221;{}&#8221;][\/et_pb_image][\/et_pb_column][\/et_pb_row][\/et_pb_section]<\/p>","protected":false},"excerpt":{"rendered":"<p>TuotteetSahatavaramme syntyy l\u00e4hell\u00e4 kasvaneista lujista ja luonnonkauniista kuusipuista. Tukista jalostuu laadukas lopputuote erilaisiin k\u00e4ytt\u00f6kohteisiin modernin tuotantoketjumme ja osaavan henkil\u00f6st\u00f6mme ansiosta. Sijaitsemme Pirkanmaalla, jossa kuusi kasvaa hitaasti, sek\u00e4 laadukkaasti sopien n\u00e4in erinomaisesti laadukkaan sahatavaran tuottamiseen. Nopeat ja joustavat toimitukset r\u00e4\u00e4t\u00e4l\u00f6id\u00e4\u00e4n tarkasti toiveidesi mukaan. Toimitamme kuusisahatavaraa kaikissa mitoissa vahvuudeltaan 22\u201375 mm ja leveydelt\u00e4\u00e4n 90\u2013250 mm. Valikoimiimme kuuluu [&hellip;]<\/p>","protected":false},"author":2,"featured_media":0,"parent":0,"menu_order":0,"comment_status":"closed","ping_status":"closed","template":"","meta":{"_et_pb_use_builder":"on","_et_pb_old_content":"<!-- wp:divi\/placeholder \/-->","_et_gb_content_width":"","footnotes":""},"class_list":["post-15","page","type-page","status-publish","hentry"],"yoast_head":"<!-- This site is optimized with the Yoast SEO plugin v17.7.1 - https:\/\/yoast.com\/wordpress\/plugins\/seo\/ -->\n<title>Tuotteet - Kinnaskoski<\/title>\n<meta name=\"robots\" content=\"index, follow, max-snippet:-1, max-image-preview:large, max-video-preview:-1\" \/>\n<link rel=\"canonical\" href=\"https:\/\/kinnaskoski.fi\/en\/tuotteet\/\" \/>\n<meta property=\"og:locale\" content=\"en_GB\" \/>\n<meta property=\"og:type\" content=\"article\" \/>\n<meta property=\"og:title\" content=\"Tuotteet - Kinnaskoski\" \/>\n<meta property=\"og:description\" content=\"TuotteetSahatavaramme syntyy l\u00e4hell\u00e4 kasvaneista lujista ja luonnonkauniista kuusipuista. Tukista jalostuu laadukas lopputuote erilaisiin k\u00e4ytt\u00f6kohteisiin modernin tuotantoketjumme ja osaavan henkil\u00f6st\u00f6mme ansiosta. Sijaitsemme Pirkanmaalla, jossa kuusi kasvaa hitaasti, sek\u00e4 laadukkaasti sopien n\u00e4in erinomaisesti laadukkaan sahatavaran tuottamiseen. Nopeat ja joustavat toimitukset r\u00e4\u00e4t\u00e4l\u00f6id\u00e4\u00e4n tarkasti toiveidesi mukaan. Toimitamme kuusisahatavaraa kaikissa mitoissa vahvuudeltaan 22\u201375 mm ja leveydelt\u00e4\u00e4n 90\u2013250 mm. Valikoimiimme kuuluu [&hellip;]\" \/>\n<meta property=\"og:url\" content=\"https:\/\/kinnaskoski.fi\/en\/tuotteet\/\" \/>\n<meta property=\"og:site_name\" content=\"Kinnaskoski\" \/>\n<meta property=\"article:modified_time\" content=\"2025-04-28T11:03:02+00:00\" \/>\n<meta name=\"twitter:card\" content=\"summary_large_image\" \/>\n<meta name=\"twitter:label1\" content=\"Estimated reading time\" \/>\n\t<meta name=\"twitter:data1\" content=\"3 minutes\" \/>\n<script type=\"application\/ld+json\" class=\"yoast-schema-graph\">{\"@context\":\"https:\/\/schema.org\",\"@graph\":[{\"@type\":\"WebSite\",\"@id\":\"https:\/\/kinnaskoski.fi\/#website\",\"url\":\"https:\/\/kinnaskoski.fi\/\",\"name\":\"Kinnaskoski\",\"description\":\"Sis\\u00e4inen vahvuus Luonnon ulkoinen kauneus\",\"potentialAction\":[{\"@type\":\"SearchAction\",\"target\":{\"@type\":\"EntryPoint\",\"urlTemplate\":\"https:\/\/kinnaskoski.fi\/?s={search_term_string}\"},\"query-input\":\"required name=search_term_string\"}],\"inLanguage\":\"en-GB\"},{\"@type\":\"WebPage\",\"@id\":\"https:\/\/kinnaskoski.fi\/tuotteet\/#webpage\",\"url\":\"https:\/\/kinnaskoski.fi\/tuotteet\/\",\"name\":\"Tuotteet - Kinnaskoski\",\"isPartOf\":{\"@id\":\"https:\/\/kinnaskoski.fi\/#website\"},\"datePublished\":\"2021-05-05T13:24:45+00:00\",\"dateModified\":\"2025-04-28T11:03:02+00:00\",\"breadcrumb\":{\"@id\":\"https:\/\/kinnaskoski.fi\/tuotteet\/#breadcrumb\"},\"inLanguage\":\"en-GB\",\"potentialAction\":[{\"@type\":\"ReadAction\",\"target\":[\"https:\/\/kinnaskoski.fi\/tuotteet\/\"]}]},{\"@type\":\"BreadcrumbList\",\"@id\":\"https:\/\/kinnaskoski.fi\/tuotteet\/#breadcrumb\",\"itemListElement\":[{\"@type\":\"ListItem\",\"position\":1,\"name\":\"Home\",\"item\":\"https:\/\/kinnaskoski.fi\/\"},{\"@type\":\"ListItem\",\"position\":2,\"name\":\"Tuotteet\"}]}]}<\/script>\n<!-- \/ Yoast SEO plugin. -->","yoast_head_json":{"title":"Tuotteet - Kinnaskoski","robots":{"index":"index","follow":"follow","max-snippet":"max-snippet:-1","max-image-preview":"max-image-preview:large","max-video-preview":"max-video-preview:-1"},"canonical":"https:\/\/kinnaskoski.fi\/en\/tuotteet\/","og_locale":"en_GB","og_type":"article","og_title":"Tuotteet - Kinnaskoski","og_description":"TuotteetSahatavaramme syntyy l\u00e4hell\u00e4 kasvaneista lujista ja luonnonkauniista kuusipuista. Tukista jalostuu laadukas lopputuote erilaisiin k\u00e4ytt\u00f6kohteisiin modernin tuotantoketjumme ja osaavan henkil\u00f6st\u00f6mme ansiosta. Sijaitsemme Pirkanmaalla, jossa kuusi kasvaa hitaasti, sek\u00e4 laadukkaasti sopien n\u00e4in erinomaisesti laadukkaan sahatavaran tuottamiseen. Nopeat ja joustavat toimitukset r\u00e4\u00e4t\u00e4l\u00f6id\u00e4\u00e4n tarkasti toiveidesi mukaan. Toimitamme kuusisahatavaraa kaikissa mitoissa vahvuudeltaan 22\u201375 mm ja leveydelt\u00e4\u00e4n 90\u2013250 mm. Valikoimiimme kuuluu [&hellip;]","og_url":"https:\/\/kinnaskoski.fi\/en\/tuotteet\/","og_site_name":"Kinnaskoski","article_modified_time":"2025-04-28T11:03:02+00:00","twitter_card":"summary_large_image","twitter_misc":{"Estimated reading time":"3 minutes"},"schema":{"@context":"https:\/\/schema.org","@graph":[{"@type":"WebSite","@id":"https:\/\/kinnaskoski.fi\/#website","url":"https:\/\/kinnaskoski.fi\/","name":"Kinnaskoski","description":"Sis\u00e4inen vahvuus Luonnon ulkoinen kauneus","potentialAction":[{"@type":"SearchAction","target":{"@type":"EntryPoint","urlTemplate":"https:\/\/kinnaskoski.fi\/?s={search_term_string}"},"query-input":"required name=search_term_string"}],"inLanguage":"en-GB"},{"@type":"WebPage","@id":"https:\/\/kinnaskoski.fi\/tuotteet\/#webpage","url":"https:\/\/kinnaskoski.fi\/tuotteet\/","name":"Tuotteet - Kinnaskoski","isPartOf":{"@id":"https:\/\/kinnaskoski.fi\/#website"},"datePublished":"2021-05-05T13:24:45+00:00","dateModified":"2025-04-28T11:03:02+00:00","breadcrumb":{"@id":"https:\/\/kinnaskoski.fi\/tuotteet\/#breadcrumb"},"inLanguage":"en-GB","potentialAction":[{"@type":"ReadAction","target":["https:\/\/kinnaskoski.fi\/tuotteet\/"]}]},{"@type":"BreadcrumbList","@id":"https:\/\/kinnaskoski.fi\/tuotteet\/#breadcrumb","itemListElement":[{"@type":"ListItem","position":1,"name":"Home","item":"https:\/\/kinnaskoski.fi\/"},{"@type":"ListItem","position":2,"name":"Tuotteet"}]}]}},"_links":{"self":[{"href":"https:\/\/kinnaskoski.fi\/en\/wp-json\/wp\/v2\/pages\/15"}],"collection":[{"href":"https:\/\/kinnaskoski.fi\/en\/wp-json\/wp\/v2\/pages"}],"about":[{"href":"https:\/\/kinnaskoski.fi\/en\/wp-json\/wp\/v2\/types\/page"}],"author":[{"embeddable":true,"href":"https:\/\/kinnaskoski.fi\/en\/wp-json\/wp\/v2\/users\/2"}],"replies":[{"embeddable":true,"href":"https:\/\/kinnaskoski.fi\/en\/wp-json\/wp\/v2\/comments?post=15"}],"version-history":[{"count":23,"href":"https:\/\/kinnaskoski.fi\/en\/wp-json\/wp\/v2\/pages\/15\/revisions"}],"predecessor-version":[{"id":634,"href":"https:\/\/kinnaskoski.fi\/en\/wp-json\/wp\/v2\/pages\/15\/revisions\/634"}],"wp:attachment":[{"href":"https:\/\/kinnaskoski.fi\/en\/wp-json\/wp\/v2\/media?parent=15"}],"curies":[{"name":"wp","href":"https:\/\/api.w.org\/{rel}","templated":true}]}}