{"id":19,"date":"2021-05-05T13:25:10","date_gmt":"2021-05-05T13:25:10","guid":{"rendered":"https:\/\/kinnaskoski.fi\/?page_id=19"},"modified":"2025-02-06T06:45:32","modified_gmt":"2025-02-06T06:45:32","slug":"yritys","status":"publish","type":"page","link":"https:\/\/kinnaskoski.fi\/en\/yritys\/","title":{"rendered":"Company"},"content":{"rendered":"<p>[et_pb_section fb_built=&#8221;1&#8243; module_class=&#8221;flexed&#8221; _builder_version=&#8221;4.9.4&#8243; _module_preset=&#8221;default&#8221; use_background_color_gradient=&#8221;on&#8221; background_color_gradient_start=&#8221;rgba(0,0,0,0.3)&#8221; background_color_gradient_end=&#8221;rgba(0,0,0,0.3)&#8221; background_color_gradient_overlays_image=&#8221;on&#8221; background_image=&#8221;https:\/\/kinnaskoski.fi\/wp-content\/uploads\/2021\/09\/Yritys2-min-scaled.jpg&#8221; min_height=&#8221;100vh&#8221; min_height_tablet=&#8221;&#8221; min_height_phone=&#8221;474px&#8221; min_height_last_edited=&#8221;on|phone&#8221; global_colors_info=&#8221;{}&#8221;][et_pb_row _builder_version=&#8221;4.9.4&#8243; _module_preset=&#8221;default&#8221; global_colors_info=&#8221;{}&#8221;][et_pb_column type=&#8221;4_4&#8243; _builder_version=&#8221;4.9.4&#8243; _module_preset=&#8221;default&#8221; global_colors_info=&#8221;{}&#8221;][et_pb_text _builder_version=&#8221;4.9.4&#8243; _module_preset=&#8221;default&#8221; header_font=&#8221;|700|||||||&#8221; header_text_align=&#8221;center&#8221; header_text_color=&#8221;#FFFFFF&#8221; header_font_size=&#8221;65px&#8221; header_font_size_tablet=&#8221;&#8221; header_font_size_phone=&#8221;40px&#8221; header_font_size_last_edited=&#8221;on|phone&#8221; global_colors_info=&#8221;{}&#8221;]<\/p>\n<h1>Company<\/h1>\n<p>[\/et_pb_text][et_pb_button button_url=&#8221;https:\/\/kinnaskoski.fi\/index.php\/yhteystiedot\/&#8221; button_text=&#8221;Ota yhteytt\u00e4&#8221; button_alignment=&#8221;center&#8221; _builder_version=&#8221;4.9.4&#8243; _module_preset=&#8221;default&#8221; custom_button=&#8221;on&#8221; button_text_size=&#8221;16px&#8221; button_text_color=&#8221;#FFFFFF&#8221; button_bg_color=&#8221;#024a94&#8243; button_border_width=&#8221;0px&#8221; button_border_radius=&#8221;0px&#8221; button_letter_spacing=&#8221;3px&#8221; button_font=&#8221;|700||on|||||&#8221; button_use_icon=&#8221;off&#8221; custom_padding=&#8221;10px|25px|10px|25px|true|true&#8221; global_colors_info=&#8221;{}&#8221;][\/et_pb_button][\/et_pb_column][\/et_pb_row][\/et_pb_section][et_pb_section fb_built=&#8221;1&#8243; _builder_version=&#8221;4.9.4&#8243; _module_preset=&#8221;default&#8221; custom_padding=&#8221;0px||0px|||&#8221; global_colors_info=&#8221;{}&#8221;][et_pb_row column_structure=&#8221;1_2,1_2&#8243; disabled_on=&#8221;on|on|off&#8221; module_class=&#8221;flexed&#8221; _builder_version=&#8221;4.9.4&#8243; _module_preset=&#8221;default&#8221; width=&#8221;100%&#8221; max_width=&#8221;2560px&#8221; custom_margin=&#8221;|auto|0px|auto|false|false&#8221; custom_padding=&#8221;0px||0px|||&#8221; global_colors_info=&#8221;{}&#8221;][et_pb_column type=&#8221;1_2&#8243; _builder_version=&#8221;4.9.4&#8243; _module_preset=&#8221;default&#8221; custom_padding=&#8221;|150px||150px|false|true&#8221; global_colors_info=&#8221;{}&#8221;][et_pb_text _builder_version=&#8221;4.9.4&#8243; _module_preset=&#8221;default&#8221; custom_margin=&#8221;65px||65px||true|&#8221; global_colors_info=&#8221;{}&#8221;]<\/p>\n<p>Kinnaskoski Oy (est 1971)  is a third-generation family-owned company in Vilppula. Our aim in production and in other operational activities is to ensure that we produce top-quality customer oriented and environment friendly whitewood timber.<\/p>\n<p>It all started with a field sawmill unit, which has expanded into a modern production facility over the decades. One thing has not changed during the years: our love for Finnish wood and nature.<\/p>\n<p>Our annual production is 60 000 m\u00b3 sawn whitewood of which 90 % is exported. Our company employs 28 people.<\/p>\n<p>[\/et_pb_text][et_pb_image src=&#8221;https:\/\/kinnaskoski.fi\/wp-content\/uploads\/2025\/01\/STANDING_BLACK_1080x952.png&#8221; title_text=&#8221;STANDING_BLACK_1080x952&#8243; _builder_version=&#8221;4.11.4&#8243; _module_preset=&#8221;default&#8221; width=&#8221;25%&#8221; max_width=&#8221;25%&#8221; custom_margin=&#8221;|616px||||&#8221; global_colors_info=&#8221;{}&#8221;][\/et_pb_image][\/et_pb_column][et_pb_column type=&#8221;1_2&#8243; _builder_version=&#8221;4.9.4&#8243; _module_preset=&#8221;default&#8221; global_colors_info=&#8221;{}&#8221;][et_pb_image src=&#8221;https:\/\/kinnaskoski.fi\/wp-content\/uploads\/2021\/09\/Yritysva\u0308lilehden-toinen-kuva-min-scaled.jpg&#8221; title_text=&#8221;Yritysva\u0308lilehden toinen kuva-min&#8221; force_fullwidth=&#8221;on&#8221; _builder_version=&#8221;4.9.4&#8243; _module_preset=&#8221;default&#8221; height=&#8221;848px&#8221; global_colors_info=&#8221;{}&#8221;][\/et_pb_image][\/et_pb_column][\/et_pb_row][et_pb_row custom_padding_last_edited=&#8221;on|phone&#8221; disabled_on=&#8221;off|off|on&#8221; _builder_version=&#8221;4.9.4&#8243; _module_preset=&#8221;default&#8221; custom_padding=&#8221;||70px|||&#8221; custom_padding_tablet=&#8221;&#8221; custom_padding_phone=&#8221;80px||70px||false|false&#8221; global_colors_info=&#8221;{}&#8221;][et_pb_column type=&#8221;4_4&#8243; _builder_version=&#8221;4.9.4&#8243; _module_preset=&#8221;default&#8221; global_colors_info=&#8221;{}&#8221;][et_pb_image src=&#8221;https:\/\/kinnaskoski.fi\/wp-content\/uploads\/2021\/09\/Yritysva\u0308lilehden-toinen-kuva-min-scaled.jpg&#8221; title_text=&#8221;Yritysva\u0308lilehden toinen kuva-min&#8221; _builder_version=&#8221;4.9.4&#8243; _module_preset=&#8221;default&#8221; global_colors_info=&#8221;{}&#8221;][\/et_pb_image][et_pb_text _builder_version=&#8221;4.11.4&#8243; _module_preset=&#8221;default&#8221; custom_margin=&#8221;66px||65px|||&#8221; custom_margin_tablet=&#8221;&#8221; custom_margin_phone=&#8221;50px||65px||false|false&#8221; custom_margin_last_edited=&#8221;on|phone&#8221; global_colors_info=&#8221;{}&#8221;]<\/p>\n<p>Kinnaskoski Oy (est 1971)  is a third-generation family-owned company in Vilppula. Our aim in production and in other operational activities is to ensure that we produce top-quality customer oriented and environment friendly whitewood timber.<\/p>\n<p>It all started with a field sawmill unit, which has expanded into a modern production facility over the decades. One thing has not changed during the years: our love for Finnish wood and nature.<\/p>\n<p>Our annual production is 60 000 m\u00b3 sawn whitewood of which 90 % is exported. Our company employs 28 people.<\/p>\n<p>[\/et_pb_text][et_pb_image src=&#8221;https:\/\/kinnaskoski.fi\/wp-content\/uploads\/2021\/05\/platina-20072021-peruslogo_FI_web.jpg&#8221; title_text=&#8221;platina-20072021-peruslogo_FI_web&#8221; align=&#8221;center&#8221; _builder_version=&#8221;4.9.4&#8243; _module_preset=&#8221;default&#8221; width=&#8221;40%&#8221; module_alignment=&#8221;center&#8221; custom_margin=&#8221;|||0px|false|false&#8221; global_colors_info=&#8221;{}&#8221;][\/et_pb_image][et_pb_image src=&#8221;https:\/\/kinnaskoski.fi\/wp-content\/uploads\/2021\/05\/menestyjat2020.jpg&#8221; title_text=&#8221;menestyjat2020&#8243; align=&#8221;center&#8221; _builder_version=&#8221;4.9.4&#8243; _module_preset=&#8221;default&#8221; max_width=&#8221;41%&#8221; module_alignment=&#8221;center&#8221; custom_margin=&#8221;50px|||0px|false|false&#8221; global_colors_info=&#8221;{}&#8221;][\/et_pb_image][\/et_pb_column][\/et_pb_row][\/et_pb_section][et_pb_section fb_built=&#8221;1&#8243; _builder_version=&#8221;4.11.4&#8243; _module_preset=&#8221;default&#8221; global_colors_info=&#8221;{}&#8221;][et_pb_row _builder_version=&#8221;4.11.4&#8243; _module_preset=&#8221;default&#8221; global_colors_info=&#8221;{}&#8221;][et_pb_column type=&#8221;4_4&#8243; _builder_version=&#8221;4.11.4&#8243; _module_preset=&#8221;default&#8221; global_colors_info=&#8221;{}&#8221;][\/et_pb_column][\/et_pb_row][\/et_pb_section]<\/p>","protected":false},"excerpt":{"rendered":"<p>YritysKinnaskoski Oy on vuonna 1971 perustettu jo kolmannen polven perheyritys Vilppulassa. Ydintoimintamme on ymp\u00e4rist\u00f6yst\u00e4v\u00e4llisesti tuotettu laadukas sahatavara asiakaskohtaisesti r\u00e4\u00e4t\u00e4l\u00f6ityn\u00e4. Kentt\u00e4sahasta kaikki alkoi, laajentuen vuosikymmenten aikana moderniksi tuotantolaitokseksi. Yksi asia ei ole aikojen saatossa muuttunut mihink\u00e4\u00e4n: rakkaus suomalaista puuta ja luontoa kohtaan. Sahamme vuosituotanto on 60 000 m\u00b3 kuusisahatavaraa, josta vientiin menee 90 prosenttia. Yrityksemme ty\u00f6llist\u00e4\u00e4 [&hellip;]<\/p>","protected":false},"author":2,"featured_media":0,"parent":0,"menu_order":0,"comment_status":"closed","ping_status":"closed","template":"","meta":{"_et_pb_use_builder":"on","_et_pb_old_content":"<!-- wp:divi\/placeholder \/-->","_et_gb_content_width":"","footnotes":""},"class_list":["post-19","page","type-page","status-publish","hentry"],"yoast_head":"<!-- This site is optimized with the Yoast SEO plugin v17.7.1 - https:\/\/yoast.com\/wordpress\/plugins\/seo\/ -->\n<title>Yritys - Kinnaskoski<\/title>\n<meta name=\"robots\" content=\"index, follow, max-snippet:-1, max-image-preview:large, max-video-preview:-1\" \/>\n<link rel=\"canonical\" href=\"https:\/\/kinnaskoski.fi\/en\/yritys\/\" \/>\n<meta property=\"og:locale\" content=\"en_GB\" \/>\n<meta property=\"og:type\" content=\"article\" \/>\n<meta property=\"og:title\" content=\"Yritys - Kinnaskoski\" \/>\n<meta property=\"og:description\" content=\"YritysKinnaskoski Oy on vuonna 1971 perustettu jo kolmannen polven perheyritys Vilppulassa. Ydintoimintamme on ymp\u00e4rist\u00f6yst\u00e4v\u00e4llisesti tuotettu laadukas sahatavara asiakaskohtaisesti r\u00e4\u00e4t\u00e4l\u00f6ityn\u00e4. Kentt\u00e4sahasta kaikki alkoi, laajentuen vuosikymmenten aikana moderniksi tuotantolaitokseksi. Yksi asia ei ole aikojen saatossa muuttunut mihink\u00e4\u00e4n: rakkaus suomalaista puuta ja luontoa kohtaan. Sahamme vuosituotanto on 60 000 m\u00b3 kuusisahatavaraa, josta vientiin menee 90 prosenttia. Yrityksemme ty\u00f6llist\u00e4\u00e4 [&hellip;]\" \/>\n<meta property=\"og:url\" content=\"https:\/\/kinnaskoski.fi\/en\/yritys\/\" \/>\n<meta property=\"og:site_name\" content=\"Kinnaskoski\" \/>\n<meta property=\"article:modified_time\" content=\"2025-02-06T06:45:32+00:00\" \/>\n<meta name=\"twitter:card\" content=\"summary_large_image\" \/>\n<meta name=\"twitter:label1\" content=\"Estimated reading time\" \/>\n\t<meta name=\"twitter:data1\" content=\"4 minutes\" \/>\n<script type=\"application\/ld+json\" class=\"yoast-schema-graph\">{\"@context\":\"https:\/\/schema.org\",\"@graph\":[{\"@type\":\"WebSite\",\"@id\":\"https:\/\/kinnaskoski.fi\/#website\",\"url\":\"https:\/\/kinnaskoski.fi\/\",\"name\":\"Kinnaskoski\",\"description\":\"Sis\\u00e4inen vahvuus Luonnon ulkoinen kauneus\",\"potentialAction\":[{\"@type\":\"SearchAction\",\"target\":{\"@type\":\"EntryPoint\",\"urlTemplate\":\"https:\/\/kinnaskoski.fi\/?s={search_term_string}\"},\"query-input\":\"required name=search_term_string\"}],\"inLanguage\":\"en-GB\"},{\"@type\":\"WebPage\",\"@id\":\"https:\/\/kinnaskoski.fi\/yritys\/#webpage\",\"url\":\"https:\/\/kinnaskoski.fi\/yritys\/\",\"name\":\"Yritys - Kinnaskoski\",\"isPartOf\":{\"@id\":\"https:\/\/kinnaskoski.fi\/#website\"},\"datePublished\":\"2021-05-05T13:25:10+00:00\",\"dateModified\":\"2025-02-06T06:45:32+00:00\",\"breadcrumb\":{\"@id\":\"https:\/\/kinnaskoski.fi\/yritys\/#breadcrumb\"},\"inLanguage\":\"en-GB\",\"potentialAction\":[{\"@type\":\"ReadAction\",\"target\":[\"https:\/\/kinnaskoski.fi\/yritys\/\"]}]},{\"@type\":\"BreadcrumbList\",\"@id\":\"https:\/\/kinnaskoski.fi\/yritys\/#breadcrumb\",\"itemListElement\":[{\"@type\":\"ListItem\",\"position\":1,\"name\":\"Home\",\"item\":\"https:\/\/kinnaskoski.fi\/\"},{\"@type\":\"ListItem\",\"position\":2,\"name\":\"Yritys\"}]}]}<\/script>\n<!-- \/ Yoast SEO plugin. -->","yoast_head_json":{"title":"Yritys - Kinnaskoski","robots":{"index":"index","follow":"follow","max-snippet":"max-snippet:-1","max-image-preview":"max-image-preview:large","max-video-preview":"max-video-preview:-1"},"canonical":"https:\/\/kinnaskoski.fi\/en\/yritys\/","og_locale":"en_GB","og_type":"article","og_title":"Yritys - Kinnaskoski","og_description":"YritysKinnaskoski Oy on vuonna 1971 perustettu jo kolmannen polven perheyritys Vilppulassa. Ydintoimintamme on ymp\u00e4rist\u00f6yst\u00e4v\u00e4llisesti tuotettu laadukas sahatavara asiakaskohtaisesti r\u00e4\u00e4t\u00e4l\u00f6ityn\u00e4. Kentt\u00e4sahasta kaikki alkoi, laajentuen vuosikymmenten aikana moderniksi tuotantolaitokseksi. Yksi asia ei ole aikojen saatossa muuttunut mihink\u00e4\u00e4n: rakkaus suomalaista puuta ja luontoa kohtaan. Sahamme vuosituotanto on 60 000 m\u00b3 kuusisahatavaraa, josta vientiin menee 90 prosenttia. Yrityksemme ty\u00f6llist\u00e4\u00e4 [&hellip;]","og_url":"https:\/\/kinnaskoski.fi\/en\/yritys\/","og_site_name":"Kinnaskoski","article_modified_time":"2025-02-06T06:45:32+00:00","twitter_card":"summary_large_image","twitter_misc":{"Estimated reading time":"4 minutes"},"schema":{"@context":"https:\/\/schema.org","@graph":[{"@type":"WebSite","@id":"https:\/\/kinnaskoski.fi\/#website","url":"https:\/\/kinnaskoski.fi\/","name":"Kinnaskoski","description":"Sis\u00e4inen vahvuus Luonnon ulkoinen kauneus","potentialAction":[{"@type":"SearchAction","target":{"@type":"EntryPoint","urlTemplate":"https:\/\/kinnaskoski.fi\/?s={search_term_string}"},"query-input":"required name=search_term_string"}],"inLanguage":"en-GB"},{"@type":"WebPage","@id":"https:\/\/kinnaskoski.fi\/yritys\/#webpage","url":"https:\/\/kinnaskoski.fi\/yritys\/","name":"Yritys - Kinnaskoski","isPartOf":{"@id":"https:\/\/kinnaskoski.fi\/#website"},"datePublished":"2021-05-05T13:25:10+00:00","dateModified":"2025-02-06T06:45:32+00:00","breadcrumb":{"@id":"https:\/\/kinnaskoski.fi\/yritys\/#breadcrumb"},"inLanguage":"en-GB","potentialAction":[{"@type":"ReadAction","target":["https:\/\/kinnaskoski.fi\/yritys\/"]}]},{"@type":"BreadcrumbList","@id":"https:\/\/kinnaskoski.fi\/yritys\/#breadcrumb","itemListElement":[{"@type":"ListItem","position":1,"name":"Home","item":"https:\/\/kinnaskoski.fi\/"},{"@type":"ListItem","position":2,"name":"Yritys"}]}]}},"_links":{"self":[{"href":"https:\/\/kinnaskoski.fi\/en\/wp-json\/wp\/v2\/pages\/19"}],"collection":[{"href":"https:\/\/kinnaskoski.fi\/en\/wp-json\/wp\/v2\/pages"}],"about":[{"href":"https:\/\/kinnaskoski.fi\/en\/wp-json\/wp\/v2\/types\/page"}],"author":[{"embeddable":true,"href":"https:\/\/kinnaskoski.fi\/en\/wp-json\/wp\/v2\/users\/2"}],"replies":[{"embeddable":true,"href":"https:\/\/kinnaskoski.fi\/en\/wp-json\/wp\/v2\/comments?post=19"}],"version-history":[{"count":30,"href":"https:\/\/kinnaskoski.fi\/en\/wp-json\/wp\/v2\/pages\/19\/revisions"}],"predecessor-version":[{"id":623,"href":"https:\/\/kinnaskoski.fi\/en\/wp-json\/wp\/v2\/pages\/19\/revisions\/623"}],"wp:attachment":[{"href":"https:\/\/kinnaskoski.fi\/en\/wp-json\/wp\/v2\/media?parent=19"}],"curies":[{"name":"wp","href":"https:\/\/api.w.org\/{rel}","templated":true}]}}